{"id":669,"date":"2025-02-24T17:29:59","date_gmt":"2025-02-24T16:29:59","guid":{"rendered":"http:\/\/karwot1.pl\/?page_id=669"},"modified":"2025-03-02T17:23:27","modified_gmt":"2025-03-02T16:23:27","slug":"uzdrawianie","status":"publish","type":"page","link":"http:\/\/karwot1.pl\/?page_id=669","title":{"rendered":"HISTORIE ZDROWOTNE"},"content":{"rendered":"\t\t<div data-elementor-type=\"wp-page\" data-elementor-id=\"669\" class=\"elementor elementor-669\" data-elementor-post-type=\"page\">\n\t\t\t\t<div class=\"elementor-element elementor-element-d2b5ac1 e-con-full e-flex e-con e-parent\" data-id=\"d2b5ac1\" data-element_type=\"container\">\n\t\t\t\t<div class=\"elementor-element elementor-element-23e4d71 elementor-widget elementor-widget-image\" data-id=\"23e4d71\" data-element_type=\"widget\" data-widget_type=\"image.default\">\n\t\t\t\t<div class=\"elementor-widget-container\">\n\t\t\t\t\t\t\t\t\t\t\t\t\t\t\t<img fetchpriority=\"high\" decoding=\"async\" width=\"1980\" height=\"1024\" src=\"http:\/\/karwot1.pl\/wp-content\/uploads\/2025\/02\/1.jpg\" class=\"attachment-full size-full wp-image-425\" alt=\"\" srcset=\"http:\/\/karwot1.pl\/wp-content\/uploads\/2025\/02\/1.jpg 1980w, http:\/\/karwot1.pl\/wp-content\/uploads\/2025\/02\/1-300x155.jpg 300w, http:\/\/karwot1.pl\/wp-content\/uploads\/2025\/02\/1-1024x530.jpg 1024w, http:\/\/karwot1.pl\/wp-content\/uploads\/2025\/02\/1-768x397.jpg 768w, http:\/\/karwot1.pl\/wp-content\/uploads\/2025\/02\/1-1536x794.jpg 1536w\" sizes=\"(max-width: 1980px) 100vw, 1980px\" \/>\t\t\t\t\t\t\t\t\t\t\t\t\t\t\t<\/div>\n\t\t\t\t<\/div>\n\t\t\t\t<\/div>\n\t\t<div class=\"elementor-element elementor-element-33b668c8 e-flex e-con-boxed e-con e-parent\" data-id=\"33b668c8\" data-element_type=\"container\" id=\"xs_drop_1\">\n\t\t\t\t\t<div class=\"e-con-inner\">\n\t\t\t\t<div class=\"elementor-element elementor-element-3848d359 elementor-widget elementor-widget-elementskit-heading\" data-id=\"3848d359\" data-element_type=\"widget\" data-widget_type=\"elementskit-heading.default\">\n\t\t\t\t<div class=\"elementor-widget-container\">\n\t\t\t\t\t<div class=\"ekit-wid-con\" ><div class=\"ekit-heading elementskit-section-title-wraper text_center   ekit_heading_tablet-   ekit_heading_mobile-\"><h2 class=\"ekit-heading--title elementskit-section-title \">Drogi Kazimierzu,<\/h2><div class=\"ekit_heading_separetor_wraper ekit_heading_elementskit-border-divider elementskit-style-long\"><div class=\"elementskit-border-divider elementskit-style-long\"><\/div><\/div><\/div><\/div>\t\t\t\t<\/div>\n\t\t\t\t<\/div>\n\t\t<div class=\"elementor-element elementor-element-3bc12ae1 e-con-full e-flex e-con e-child\" data-id=\"3bc12ae1\" data-element_type=\"container\">\n\t\t\t\t<div class=\"elementor-element elementor-element-3e02ad8f elementor-widget elementor-widget-elementskit-drop-caps\" data-id=\"3e02ad8f\" data-element_type=\"widget\" data-widget_type=\"elementskit-drop-caps.default\">\n\t\t\t\t<div class=\"elementor-widget-container\">\n\t\t\t\t\t<div class=\"ekit-wid-con\" >\t\t<div class=\"ekit-dropcap-wraper\">\n\t\t\t\t\t\t<p class=\"ekit-dropcap-cotnent\">Pragn\u0119 podzi\u0119kowa\u0107 Ci z g\u0142\u0119bi serca za skierowanie si\u0142y \u017cyciowej Boga do mojego cia\u0142a w chwili mojej najwi\u0119kszej potrzeby. Osi\u0105gn\u0105\u0142em moment ca\u0142kowitego wy\u0142\u0105czenia cia\u0142a, kt\u00f3ry przedwcze\u015bnie zako\u0144czy\u0142by kontrakt mojej duszy z Bogiem.\nW nocy, kiedy zacz\u0105\u0142e\u015b nade mn\u0105 pracowa\u0107, poczu\u0142em twoj\u0105 obecno\u015b\u0107 tak mocno. Jakbym le\u017ca\u0142 na \u0142o\u017cu \u017carz\u0105cego w\u0119gla, poczu\u0142em, jak intensywne ciep\u0142o i energia magnetyczna poch\u0142aniaj\u0105 mnie przez ca\u0142e moje cia\u0142o. Ciep\u0142o by\u0142o kochaj\u0105ce, uspokajaj\u0105ce, wspieraj\u0105ce i lecznicze w tym samym czasie. Widzia\u0142em fale energii w oku mojego umys\u0142u. W tym momencie m\u00f3j strach znikn\u0105\u0142 i wiedzia\u0142em na pewno, \u017ce B\u00f3g wzi\u0105\u0142 mnie w swoje r\u0119ce, aby da\u0107 mi ostatni\u0105 szans\u0119 na wype\u0142nienie mojego kontraktu duszy z Nim. Z najg\u0142\u0119bszej mi\u0142o\u015bci w moim sercu, Kazimierzu, dzi\u0119kuj\u0119 za Twoj\u0105 prac\u0119 w imi\u0119 Boga, wewn\u0119trznego \u017ar\u00f3d\u0142a nieko\u0144cz\u0105cej mi\u0142o\u015bci i wsp\u00f3\u0142czucia. Teraz niczego si\u0119 nie boj\u0119. B\u0119d\u0119 w stanie przeciwstawi\u0107 si\u0119 spo\u0142ecze\u0144stwu tak, jak jest to zgodnie z umow\u0105 mojej duszy.\nTo by\u0142by m\u00f3j zaszczyt spotka\u0107 si\u0119 z wami i z wami porozmawia\u0107. Kasia potrafi\u0142a dla nas t\u0142umaczy\u0107 polski-niemiecki. Moje drugie urodziny s\u0105 teraz 20.02.2022r. Tego dnia sta\u0142em si\u0119 1-dniowy w Bogu z now\u0105 szans\u0105 na dokonanie pozytywnej zmiany dla \u015bwiata. Moi lekarze wierz\u0105, \u017ce dokonali cudownego uzdrowienia. To nieprawda. Nauka bez Boga to Lucferismus (zniszczenie). Nauka z Bogiem to nieko\u0144cz\u0105ca si\u0119 kreatywno\u015b\u0107 i wzrost. Arogancja cz\u0142owieka powoduje, \u017ce traci on najwi\u0119kszy dar ze wszystkich... po\u0142\u0105czenie z najwy\u017csz\u0105 si\u0142\u0105 \u017cyciow\u0105, Bogiem.\nChocia\u017c nie mam waszych talent\u00f3w, czuj\u0119 si\u0119 tak b\u0142ogos\u0142awiony, \u017ce pozwolono mi otrzyma\u0107 wasz dar Bo\u017cej odkupie\u0144czej mi\u0142o\u015bci przez was. Szanuj\u0119 twoje przywi\u0105zanie do wy\u017cszej ludzkiej formy. Jakim jeste\u015b przyk\u0142adem dla naszego \u015bwiata. Moim transformacyjnym do\u015bwiadczeniem dzi\u0119ki tobie podzieli\u0142em si\u0119 z moj\u0105 rodzin\u0105 w USA i Nigerii. W tej chwili nie s\u0105 w stanie poj\u0105\u0107, co dla mnie zrobi\u0142e\u015b. Niemniej jednak chcia\u0142em, aby zobaczyli we mnie prawdziwe znaczenie cudu Bo\u017cego. Tak trudno jest m\u00f3wi\u0107 o Bogu tym, kt\u00f3rzy nie chc\u0105 wiedzie\u0107 lub uzna\u0107, \u017ce B\u00f3g istnieje. Zostali schwytani przez si\u0142y ciemno\u015bci i potrzebuj\u0105 pomocy, aby powr\u00f3ci\u0107 do \u015bwiat\u0142a i mi\u0142o\u015bci Boga.\n<\/p>\n\t\t\t\t\t<\/div>\n        <\/div>\t\t\t\t<\/div>\n\t\t\t\t<\/div>\n\t\t\t\t<\/div>\n\t\t\t\t\t<\/div>\n\t\t\t\t<\/div>\n\t\t<div class=\"elementor-element elementor-element-10bece2a e-flex e-con-boxed e-con e-parent\" data-id=\"10bece2a\" data-element_type=\"container\" id=\"xs_drop_1\">\n\t\t\t\t\t<div class=\"e-con-inner\">\n\t\t\t\t<div class=\"elementor-element elementor-element-53539409 elementor-widget elementor-widget-elementskit-heading\" data-id=\"53539409\" data-element_type=\"widget\" data-widget_type=\"elementskit-heading.default\">\n\t\t\t\t<div class=\"elementor-widget-container\">\n\t\t\t\t\t<div class=\"ekit-wid-con\" ><div class=\"ekit-heading elementskit-section-title-wraper text_center   ekit_heading_tablet-   ekit_heading_mobile-\"><h2 class=\"ekit-heading--title elementskit-section-title \">Czytelnik pow. nowomiejskiego<\/h2><div class=\"ekit_heading_separetor_wraper ekit_heading_elementskit-border-divider elementskit-style-long\"><div class=\"elementskit-border-divider elementskit-style-long\"><\/div><\/div><\/div><\/div>\t\t\t\t<\/div>\n\t\t\t\t<\/div>\n\t\t<div class=\"elementor-element elementor-element-57cdd04b e-con-full e-flex e-con e-child\" data-id=\"57cdd04b\" data-element_type=\"container\">\n\t\t\t\t<div class=\"elementor-element elementor-element-2ef4ce46 elementor-widget elementor-widget-elementskit-drop-caps\" data-id=\"2ef4ce46\" data-element_type=\"widget\" data-widget_type=\"elementskit-drop-caps.default\">\n\t\t\t\t<div class=\"elementor-widget-container\">\n\t\t\t\t\t<div class=\"ekit-wid-con\" >\t\t<div class=\"ekit-dropcap-wraper\">\n\t\t\t\t\t\t<p class=\"ekit-dropcap-cotnent\">\u015arodowiska naukowe, lekarze i r\u00f3\u017cnego rodzaju specjali\u015bci w dzisiejszych czasach tak niby post\u0119powej medycyny nie s\u0105 zbyt zainteresowani promowaniem niezwyk\u0142ych mo\u017cliwo\u015bci leczniczych bez lek\u00f3w i skalpela. Takie mo\u017cliwo\u015bci s\u0105 jednak realne, a to w\u0142a\u015bnie z pomoc\u0105 i niezwyk\u0142ym talentem Kazimierza Karwot z Otr\u0119by. Czytelnikom zapewne obi\u0142o si\u0119 o uszy to nazwisko z poprzednich numer\u00f3w \u201eZdrowie bez lek\u00f3w\u201d. Chc\u0119 Pa\u0144stwu opisa\u0107 niezwyk\u0142\u0105 histori\u0119 jaka mnie spotka\u0142a po przej\u015bciu operacji w klinice. Ot\u00f3\u017c mia\u0142em cia\u0142o obce w \u017co\u0142\u0105dku, kt\u00f3re trzeba by\u0142o usun\u0105\u0107 operacyjnie. Po dokonaniu tego przez dobrego chirurga po tygodniu zrobi\u0142 si\u0119 ropie\u0144. Kiedy pojecha\u0142em na wizyt\u0119 kontroln\u0105, czekaj\u0105c w kolejce na korytarzu poczu\u0142am mokr\u0105 koszulk\u0119 i okropny od\u00f3r. Szybko wzi\u0119to mnie na st\u00f3\u0142 operacyjny, ci\u0119cie po raz drugi. Mia\u0142em szcz\u0119\u015bcie, \u017ce prze\u017cy\u0142em, bo ropa rozla\u0142a si\u0119 na zewn\u0105trz, a nie wewn\u0105trz jamy brzusznej. Ca\u0142y przebieg gojenia si\u0119 rany pooperacyjnej i zrostu sk\u00f3ry to by\u0142 dla mnie prawdziwy koszmar. Trwa\u0142o to prawie p\u00f3\u0142tora miesi\u0105ca. R\u00f3\u017cne kombinacje, opatrunki, siatka, jaki\u015b cudo plaster z pompk\u0105 ss\u0105c\u0105 i nic. Sk\u00f3ra si\u0119 nie zrasta\u0142a. Zwr\u00f3ci\u0142em si\u0119 o pomoc w\u0142a\u015bnie do pana Kazimierza Karwot. Po pierwszej sesji terapeutycznej na drugi dzie\u0144 sk\u00f3ra zros\u0142a si\u0119 o oko\u0142o 3 cm. Przy ci\u0119ciu ok. 10 cm, to dosy\u0107 du\u017co, tak po 4 takich sesjach nast\u0105pi\u0142 ca\u0142kowity zlep tkanki sk\u00f3rnej. Ten niezwyk\u0142y cz\u0142owiek pom\u00f3g\u0142 mi w 4 dni, gdzie do takiego stanu potrzebne by\u0142yby chyba jeszcze nast\u0119pne tygodnie. Wiele os\u00f3b czytaj\u0105c ten artyku\u0142 na pewno zadaje sobie pytanie: Jak on to robi? Sam nie umiem odpowiedzie\u0107 na to pytanie. To wyj\u0105tkowy cz\u0142owiek o wyj\u0105tkowych umiej\u0119tno\u015bciach, kt\u00f3ry moim zdaniem pokonuje \u201esuper medycyn\u0119\u201d i pomaga wielu ludziom nie tylko w Polsce, ale na ca\u0142ym \u015bwiecie.<\/p>\n\t\t\t\t\t<\/div>\n        <\/div>\t\t\t\t<\/div>\n\t\t\t\t<\/div>\n\t\t\t\t<\/div>\n\t\t\t\t\t<\/div>\n\t\t\t\t<\/div>\n\t\t\t\t<\/div>\n\t\t","protected":false},"excerpt":{"rendered":"<p>Drogi Kazimierzu, Pragn\u0119 podzi\u0119kowa\u0107 Ci z g\u0142\u0119bi serca za skierowanie si\u0142y \u017cyciowej Boga do mojego cia\u0142a w chwili mojej najwi\u0119kszej [&hellip;]<\/p>\n","protected":false},"author":1,"featured_media":0,"parent":0,"menu_order":0,"comment_status":"closed","ping_status":"closed","template":"","meta":{"site-sidebar-layout":"no-sidebar","site-content-layout":"","ast-site-content-layout":"full-width-container","site-content-style":"default","site-sidebar-style":"default","ast-global-header-display":"","ast-banner-title-visibility":"","ast-main-header-display":"","ast-hfb-above-header-display":"","ast-hfb-below-header-display":"","ast-hfb-mobile-header-display":"","site-post-title":"disabled","ast-breadcrumbs-content":"","ast-featured-img":"disabled","footer-sml-layout":"","theme-transparent-header-meta":"","adv-header-id-meta":"","stick-header-meta":"","header-above-stick-meta":"","header-main-stick-meta":"","header-below-stick-meta":"","astra-migrate-meta-layouts":"default","ast-page-background-enabled":"default","ast-page-background-meta":{"desktop":{"background-color":"var(--ast-global-color-5)","background-image":"","background-repeat":"repeat","background-position":"center center","background-size":"auto","background-attachment":"scroll","background-type":"","background-media":"","overlay-type":"","overlay-color":"","overlay-opacity":"","overlay-gradient":""},"tablet":{"background-color":"","background-image":"","background-repeat":"repeat","background-position":"center center","background-size":"auto","background-attachment":"scroll","background-type":"","background-media":"","overlay-type":"","overlay-color":"","overlay-opacity":"","overlay-gradient":""},"mobile":{"background-color":"","background-image":"","background-repeat":"repeat","background-position":"center center","background-size":"auto","background-attachment":"scroll","background-type":"","background-media":"","overlay-type":"","overlay-color":"","overlay-opacity":"","overlay-gradient":""}},"ast-content-background-meta":{"desktop":{"background-color":"var(--ast-global-color-4)","background-image":"","background-repeat":"repeat","background-position":"center center","background-size":"auto","background-attachment":"scroll","background-type":"","background-media":"","overlay-type":"","overlay-color":"","overlay-opacity":"","overlay-gradient":""},"tablet":{"background-color":"var(--ast-global-color-4)","background-image":"","background-repeat":"repeat","background-position":"center center","background-size":"auto","background-attachment":"scroll","background-type":"","background-media":"","overlay-type":"","overlay-color":"","overlay-opacity":"","overlay-gradient":""},"mobile":{"background-color":"var(--ast-global-color-4)","background-image":"","background-repeat":"repeat","background-position":"center center","background-size":"auto","background-attachment":"scroll","background-type":"","background-media":"","overlay-type":"","overlay-color":"","overlay-opacity":"","overlay-gradient":""}},"footnotes":""},"class_list":["post-669","page","type-page","status-publish","hentry"],"yoast_head":"<!-- This site is optimized with the Yoast SEO plugin v24.5 - https:\/\/yoast.com\/wordpress\/plugins\/seo\/ -->\n<title>HISTORIE ZDROWOTNE - DOM \u015aWIAT\u0141A I MI\u0141O\u015aCI<\/title>\n<meta name=\"robots\" content=\"index, follow, max-snippet:-1, max-image-preview:large, max-video-preview:-1\" \/>\n<link rel=\"canonical\" href=\"http:\/\/karwot1.pl\/?page_id=669\" \/>\n<meta property=\"og:locale\" content=\"pl_PL\" \/>\n<meta property=\"og:type\" content=\"article\" \/>\n<meta property=\"og:title\" content=\"HISTORIE ZDROWOTNE - DOM \u015aWIAT\u0141A I MI\u0141O\u015aCI\" \/>\n<meta property=\"og:description\" content=\"Drogi Kazimierzu, Pragn\u0119 podzi\u0119kowa\u0107 Ci z g\u0142\u0119bi serca za skierowanie si\u0142y \u017cyciowej Boga do mojego cia\u0142a w chwili mojej najwi\u0119kszej [&hellip;]\" \/>\n<meta property=\"og:url\" content=\"http:\/\/karwot1.pl\/?page_id=669\" \/>\n<meta property=\"og:site_name\" content=\"DOM \u015aWIAT\u0141A I MI\u0141O\u015aCI\" \/>\n<meta property=\"article:modified_time\" content=\"2025-03-02T16:23:27+00:00\" \/>\n<meta property=\"og:image\" content=\"http:\/\/karwot1.pl\/wp-content\/uploads\/2025\/02\/1.jpg\" \/>\n<meta name=\"twitter:card\" content=\"summary_large_image\" \/>\n<meta name=\"twitter:label1\" content=\"Szacowany czas czytania\" \/>\n\t<meta name=\"twitter:data1\" content=\"4 minuty\" \/>\n<script type=\"application\/ld+json\" class=\"yoast-schema-graph\">{\"@context\":\"https:\/\/schema.org\",\"@graph\":[{\"@type\":\"WebPage\",\"@id\":\"http:\/\/karwot1.pl\/?page_id=669\",\"url\":\"http:\/\/karwot1.pl\/?page_id=669\",\"name\":\"HISTORIE ZDROWOTNE - DOM \u015aWIAT\u0141A I MI\u0141O\u015aCI\",\"isPartOf\":{\"@id\":\"http:\/\/karwot1.pl\/#website\"},\"primaryImageOfPage\":{\"@id\":\"http:\/\/karwot1.pl\/?page_id=669#primaryimage\"},\"image\":{\"@id\":\"http:\/\/karwot1.pl\/?page_id=669#primaryimage\"},\"thumbnailUrl\":\"http:\/\/karwot1.pl\/wp-content\/uploads\/2025\/02\/1.jpg\",\"datePublished\":\"2025-02-24T16:29:59+00:00\",\"dateModified\":\"2025-03-02T16:23:27+00:00\",\"breadcrumb\":{\"@id\":\"http:\/\/karwot1.pl\/?page_id=669#breadcrumb\"},\"inLanguage\":\"pl-PL\",\"potentialAction\":[{\"@type\":\"ReadAction\",\"target\":[\"http:\/\/karwot1.pl\/?page_id=669\"]}]},{\"@type\":\"ImageObject\",\"inLanguage\":\"pl-PL\",\"@id\":\"http:\/\/karwot1.pl\/?page_id=669#primaryimage\",\"url\":\"http:\/\/karwot1.pl\/wp-content\/uploads\/2025\/02\/1.jpg\",\"contentUrl\":\"http:\/\/karwot1.pl\/wp-content\/uploads\/2025\/02\/1.jpg\",\"width\":1980,\"height\":1024},{\"@type\":\"BreadcrumbList\",\"@id\":\"http:\/\/karwot1.pl\/?page_id=669#breadcrumb\",\"itemListElement\":[{\"@type\":\"ListItem\",\"position\":1,\"name\":\"Home\",\"item\":\"http:\/\/karwot1.pl\/\"},{\"@type\":\"ListItem\",\"position\":2,\"name\":\"HISTORIE ZDROWOTNE\"}]},{\"@type\":\"WebSite\",\"@id\":\"http:\/\/karwot1.pl\/#website\",\"url\":\"http:\/\/karwot1.pl\/\",\"name\":\"DOM \u015aWIAT\u0141A I MI\u0141O\u015aCI\",\"description\":\"\",\"publisher\":{\"@id\":\"http:\/\/karwot1.pl\/#organization\"},\"potentialAction\":[{\"@type\":\"SearchAction\",\"target\":{\"@type\":\"EntryPoint\",\"urlTemplate\":\"http:\/\/karwot1.pl\/?s={search_term_string}\"},\"query-input\":{\"@type\":\"PropertyValueSpecification\",\"valueRequired\":true,\"valueName\":\"search_term_string\"}}],\"inLanguage\":\"pl-PL\"},{\"@type\":\"Organization\",\"@id\":\"http:\/\/karwot1.pl\/#organization\",\"name\":\"DOM \u015aWIAT\u0141A I MI\u0141O\u015aCI\",\"url\":\"http:\/\/karwot1.pl\/\",\"logo\":{\"@type\":\"ImageObject\",\"inLanguage\":\"pl-PL\",\"@id\":\"http:\/\/karwot1.pl\/#\/schema\/logo\/image\/\",\"url\":\"http:\/\/karwot1.pl\/wp-content\/uploads\/2025\/02\/cropped-logo.png\",\"contentUrl\":\"http:\/\/karwot1.pl\/wp-content\/uploads\/2025\/02\/cropped-logo.png\",\"width\":80,\"height\":80,\"caption\":\"DOM \u015aWIAT\u0141A I MI\u0141O\u015aCI\"},\"image\":{\"@id\":\"http:\/\/karwot1.pl\/#\/schema\/logo\/image\/\"}}]}<\/script>\n<!-- \/ Yoast SEO plugin. -->","yoast_head_json":{"title":"HISTORIE ZDROWOTNE - DOM \u015aWIAT\u0141A I MI\u0141O\u015aCI","robots":{"index":"index","follow":"follow","max-snippet":"max-snippet:-1","max-image-preview":"max-image-preview:large","max-video-preview":"max-video-preview:-1"},"canonical":"http:\/\/karwot1.pl\/?page_id=669","og_locale":"pl_PL","og_type":"article","og_title":"HISTORIE ZDROWOTNE - DOM \u015aWIAT\u0141A I MI\u0141O\u015aCI","og_description":"Drogi Kazimierzu, Pragn\u0119 podzi\u0119kowa\u0107 Ci z g\u0142\u0119bi serca za skierowanie si\u0142y \u017cyciowej Boga do mojego cia\u0142a w chwili mojej najwi\u0119kszej [&hellip;]","og_url":"http:\/\/karwot1.pl\/?page_id=669","og_site_name":"DOM \u015aWIAT\u0141A I MI\u0141O\u015aCI","article_modified_time":"2025-03-02T16:23:27+00:00","og_image":[{"url":"http:\/\/karwot1.pl\/wp-content\/uploads\/2025\/02\/1.jpg","type":"","width":"","height":""}],"twitter_card":"summary_large_image","twitter_misc":{"Szacowany czas czytania":"4 minuty"},"schema":{"@context":"https:\/\/schema.org","@graph":[{"@type":"WebPage","@id":"http:\/\/karwot1.pl\/?page_id=669","url":"http:\/\/karwot1.pl\/?page_id=669","name":"HISTORIE ZDROWOTNE - DOM \u015aWIAT\u0141A I MI\u0141O\u015aCI","isPartOf":{"@id":"http:\/\/karwot1.pl\/#website"},"primaryImageOfPage":{"@id":"http:\/\/karwot1.pl\/?page_id=669#primaryimage"},"image":{"@id":"http:\/\/karwot1.pl\/?page_id=669#primaryimage"},"thumbnailUrl":"http:\/\/karwot1.pl\/wp-content\/uploads\/2025\/02\/1.jpg","datePublished":"2025-02-24T16:29:59+00:00","dateModified":"2025-03-02T16:23:27+00:00","breadcrumb":{"@id":"http:\/\/karwot1.pl\/?page_id=669#breadcrumb"},"inLanguage":"pl-PL","potentialAction":[{"@type":"ReadAction","target":["http:\/\/karwot1.pl\/?page_id=669"]}]},{"@type":"ImageObject","inLanguage":"pl-PL","@id":"http:\/\/karwot1.pl\/?page_id=669#primaryimage","url":"http:\/\/karwot1.pl\/wp-content\/uploads\/2025\/02\/1.jpg","contentUrl":"http:\/\/karwot1.pl\/wp-content\/uploads\/2025\/02\/1.jpg","width":1980,"height":1024},{"@type":"BreadcrumbList","@id":"http:\/\/karwot1.pl\/?page_id=669#breadcrumb","itemListElement":[{"@type":"ListItem","position":1,"name":"Home","item":"http:\/\/karwot1.pl\/"},{"@type":"ListItem","position":2,"name":"HISTORIE ZDROWOTNE"}]},{"@type":"WebSite","@id":"http:\/\/karwot1.pl\/#website","url":"http:\/\/karwot1.pl\/","name":"DOM \u015aWIAT\u0141A I MI\u0141O\u015aCI","description":"","publisher":{"@id":"http:\/\/karwot1.pl\/#organization"},"potentialAction":[{"@type":"SearchAction","target":{"@type":"EntryPoint","urlTemplate":"http:\/\/karwot1.pl\/?s={search_term_string}"},"query-input":{"@type":"PropertyValueSpecification","valueRequired":true,"valueName":"search_term_string"}}],"inLanguage":"pl-PL"},{"@type":"Organization","@id":"http:\/\/karwot1.pl\/#organization","name":"DOM \u015aWIAT\u0141A I MI\u0141O\u015aCI","url":"http:\/\/karwot1.pl\/","logo":{"@type":"ImageObject","inLanguage":"pl-PL","@id":"http:\/\/karwot1.pl\/#\/schema\/logo\/image\/","url":"http:\/\/karwot1.pl\/wp-content\/uploads\/2025\/02\/cropped-logo.png","contentUrl":"http:\/\/karwot1.pl\/wp-content\/uploads\/2025\/02\/cropped-logo.png","width":80,"height":80,"caption":"DOM \u015aWIAT\u0141A I MI\u0141O\u015aCI"},"image":{"@id":"http:\/\/karwot1.pl\/#\/schema\/logo\/image\/"}}]}},"_links":{"self":[{"href":"http:\/\/karwot1.pl\/index.php?rest_route=\/wp\/v2\/pages\/669","targetHints":{"allow":["GET"]}}],"collection":[{"href":"http:\/\/karwot1.pl\/index.php?rest_route=\/wp\/v2\/pages"}],"about":[{"href":"http:\/\/karwot1.pl\/index.php?rest_route=\/wp\/v2\/types\/page"}],"author":[{"embeddable":true,"href":"http:\/\/karwot1.pl\/index.php?rest_route=\/wp\/v2\/users\/1"}],"replies":[{"embeddable":true,"href":"http:\/\/karwot1.pl\/index.php?rest_route=%2Fwp%2Fv2%2Fcomments&post=669"}],"version-history":[{"count":30,"href":"http:\/\/karwot1.pl\/index.php?rest_route=\/wp\/v2\/pages\/669\/revisions"}],"predecessor-version":[{"id":865,"href":"http:\/\/karwot1.pl\/index.php?rest_route=\/wp\/v2\/pages\/669\/revisions\/865"}],"wp:attachment":[{"href":"http:\/\/karwot1.pl\/index.php?rest_route=%2Fwp%2Fv2%2Fmedia&parent=669"}],"curies":[{"name":"wp","href":"https:\/\/api.w.org\/{rel}","templated":true}]}}